{"id":8301,"date":"2019-02-04T03:13:13","date_gmt":"2019-02-03T18:13:13","guid":{"rendered":"https:\/\/nakai-takeda.com\/en\/?page_id=8301"},"modified":"2019-12-31T14:55:04","modified_gmt":"2019-12-31T05:55:04","slug":"discography","status":"publish","type":"page","link":"https:\/\/nakai-takeda.com\/en\/discography\/","title":{"rendered":"CD"},"content":{"rendered":"<div class=\"wpb-content-wrapper\"><p>[vc_row][vc_column width=&#8221;1\/3&#8243;][vc_single_image image=&#8221;8626&#8243; img_size=&#8221;large&#8221; alignment=&#8221;center&#8221; onclick=&#8221;img_link_large&#8221;][\/vc_column][vc_column width=&#8221;2\/3&#8243;][vc_column_text el_class=&#8221;cd_jacket&#8221;]<\/p>\n<h2 class=\"d_div3\"><em>New CD Release 7.Aug.2019<\/em><\/h2>\n<p>&nbsp;<\/p>\n<h2>An die Freude<\/h2>\n<p>Beethoven:Symphony No.9 d-moll Op125 Arr. Liszt for 2 Pianos<\/p>\n<p>T&amp;K Entertainment, Inc.<br \/>\nNIPPON COLUMBIA CO.,LTD.<br \/>\nQACK-30016<br \/>\n\uffe53,000(Tax excluded)<\/p>\n<p>On Air <a href=\"https:\/\/www.ana.co.jp\/skychannel\/en\/dec19\/top.html\" target=\"_blank\" rel=\"noopener noreferrer\">ANA\u00a0 Sky Channel 2019<\/a>[\/vc_column_text][vc_raw_html el_class=&#8221;cd_order&#8221;]JTNDYSUyMGhyZWYlM0QlMjJodHRwcyUzQSUyRiUyRnd3dy5wcm9hcnRlLmpwJTJGc2hvcCUyRnByb2R1Y3RzJTJGZGV0YWlsLnBocCUzRnByb2R1Y3RfaWQlM0QyMTg4JTIyJTIwdGFyZ2V0JTNEJTIyX2JsYW5rJTIyJTNFJTNDaW1nJTIwc3JjJTNEJTIyJTJGd3AtY29udGVudCUyRnVwbG9hZHMlMkYyMDE5JTJGMDIlMkZwcm9hcnRlLWxvZ29fMDFfb3V0LnBuZyUyMiUyMHdpZHRoJTNEJTIyNjclMjIlMjBoZWlnaHQlM0QlMjIyNiUyMiUyMGFsdCUzRCUyMmJ1dHRvbiUyMiUyMGNsYXNzJTNEJTIycm9sbG92ZXItZmFkZTIlMjIlM0UlMEElM0NhJTIwaHJlZiUzRCUyMmh0dHBzJTNBJTJGJTJGd3d3LmFtYXpvbi5jby5qcCUyRkZyZXVkZS0lRTYlQUQlOTMlRTUlOTYlOUMlRTMlODElQUIlRTUlQUYlODQlRTMlODElOUIlRTMlODElQTYtJUUzJTgzJTk5JUUzJTgzJUJDJUUzJTgzJTg4JUUzJTgzJUJDJUUzJTgzJUI0JUUzJTgyJUE3JUUzJTgzJUIzLSVFNCVCQSVBNCVFOSU5RiVCRiVFNiU5QiVCMiVFNyVBQyVBQzklRTclOTUlQUEtJUUzJTgzJUFBJUUzJTgyJUI5JUUzJTgzJTg4JUUzJTgxJUFCJUUzJTgyJTg4JUUzJTgyJThCMiVFNSU4RiVCMCVFMyU4MyU5NCVFMyU4MiVBMiVFMyU4MyU4RSVFNyU4OSU4OCUyRmRwJTJGQjA3UlI3NFE3MiUyRnJlZiUzRHNyXzFfMSUzRnFpZCUzRDE1NjI0NTUzNTAlMjZzJTNEbXVzaWMlMjZzciUzRDEtMSUyMiUyMHRhcmdldCUzRCUyMl9ibGFuayUyMiUzRSUzQ2ltZyUyMHNyYyUzRCUyMiUyRndwLWNvbnRlbnQlMkZ1cGxvYWRzJTJGMjAxOSUyRjAyJTJGYXNzb2NidXR0X2dyX2Ftei5fVjM3MTA3MDE5M19vdXQucG5nJTIyJTIwd2lkdGglM0QlMjI5MCUyMiUyMGhlaWdodCUzRCUyMjI2JTIyJTIwYWx0JTNEJTIyYnV0dG9uJTIyJTIwY2xhc3MlM0QlMjJyb2xsb3Zlci1mYWRlMiUyMiUzRSUzQyUyRmElM0U=[\/vc_raw_html][\/vc_column][\/vc_row][vc_row][vc_column][vc_separator][\/vc_column][\/vc_row][vc_row][vc_column width=&#8221;1\/3&#8243;][vc_single_image image=&#8221;8366&#8243; img_size=&#8221;large&#8221; alignment=&#8221;center&#8221; onclick=&#8221;img_link_large&#8221;][\/vc_column][vc_column width=&#8221;2\/3&#8243;][vc_column_text el_class=&#8221;cd_jacket&#8221;]<\/p>\n<div class=\"d_div3\">\n<h2 class=\"cd_title\">Dvorak From the New World &amp; Slavonic Dances<\/h2>\n<p>Dvo\u0159\u00e1k : Symphony No.9 e-moll Op.95 \u2018From the New World\u2019<br \/>\nArr.for piano 4 hands by composer<br \/>\nDvo\u0159\u00e1k : Slavonic Dances Op.72<\/p>\n<p>&nbsp;<\/p>\n<p>T&amp;K Entertainment, Inc.<br \/>\nNIPPON COLUMBIA CO.,LTD.<br \/>\nQACK-30009<br \/>\n\uffe53,000(Tax included)<\/p>\n<\/div>\n<p>On Air <a href=\"https:\/\/www.ana.co.jp\/skychannel\/sep16\/top.html\" target=\"_blank\" rel=\"noopener noreferrer\">ANA Sky Channel.2016<\/a><\/p>\n<p>[\/vc_column_text][vc_raw_html el_class=&#8221;cd_order&#8221;]JTNDYSUyMGhyZWYlM0QlMjJodHRwcyUzQSUyRiUyRnd3dy5wcm9hcnRlLmpwJTJGc2hvcCUyRnByb2R1Y3RzJTJGZGV0YWlsLnBocCUzRnByb2R1Y3RfaWQlM0QxMTIwJTIyJTIwdGFyZ2V0JTNEJTIyX2JsYW5rJTIyJTNFJTNDaW1nJTIwc3JjJTNEJTIyJTJGd3AtY29udGVudCUyRnVwbG9hZHMlMkYyMDE5JTJGMDIlMkZwcm9hcnRlLWxvZ29fMDFfb3V0LnBuZyUyMiUyMHdpZHRoJTNEJTIyNjclMjIlMjBoZWlnaHQlM0QlMjIyNiUyMiUyMGFsdCUzRCUyMmJ1dHRvbiUyMiUyMGNsYXNzJTNEJTIycm9sbG92ZXItZmFkZTIlMjIlM0UlMEElM0NhJTIwaHJlZiUzRCUyMmh0dHBzJTNBJTJGJTJGd3d3LmFtYXpvbi5jby5qcCUyRiUyNUU2JTI1OTYlMjVCMCUyNUU0JTI1QjglMjU5NiUyNUU3JTI1OTUlMjU4QyUyNUUzJTI1ODIlMjU4OCUyNUUzJTI1ODIlMjU4QS0lMjVFMyUyNTgyJTI1QjklMjVFMyUyNTgzJTI1QTklMjVFMyUyNTgzJTI1OTYlMjVFOCUyNTg4JTI1OUUlMjVFNiUyNTlCJTI1QjIlMjVFOSUyNTlCJTI1ODYtJTI1RTQlMjVCOCUyNUFEJTI1RTQlMjVCQSUyNTk1JTI1RTYlMjU4MSUyNTkyJTI1RTQlMjVCQiUyNTgxLSUyNUU2JTI1QUQlMjVBNiUyNUU3JTI1OTQlMjVCMCUyNUU3JTI1QkUlMjU4RSUyNUU1JTI1OTIlMjU4QyUyNUU1JTI1QUQlMjU5MCUyRmRwJTJGQjAxSDQzVEJBSyUyRiUyMiUyMHRhcmdldCUzRCUyMl9ibGFuayUyMiUzRSUzQ2ltZyUyMHNyYyUzRCUyMiUyRndwLWNvbnRlbnQlMkZ1cGxvYWRzJTJGMjAxOSUyRjAyJTJGYXNzb2NidXR0X2dyX2Ftei5fVjM3MTA3MDE5M19vdXQucG5nJTIyJTIwd2lkdGglM0QlMjI5MCUyMiUyMGhlaWdodCUzRCUyMjI2JTIyJTIwYWx0JTNEJTIyYnV0dG9uJTIyJTIwY2xhc3MlM0QlMjJyb2xsb3Zlci1mYWRlMiUyMiUzRSUzQyUyRmElM0U=[\/vc_raw_html][\/vc_column][\/vc_row][vc_row][vc_column][vc_separator][\/vc_column][\/vc_row][vc_row][vc_column width=&#8221;1\/3&#8243;][vc_single_image image=&#8221;8371&#8243; img_size=&#8221;large&#8221; alignment=&#8221;center&#8221; onclick=&#8221;img_link_large&#8221;][\/vc_column][vc_column width=&#8221;2\/3&#8243;][vc_column_text el_class=&#8221;cd_jacket&#8221;]<\/p>\n<div class=\"d_div3\">\n<h2 class=\"cd_title\">Fantasie<\/h2>\n<p>Schubert : Fantasie f-moll D.940 Op.103<br \/>\nChopin : Variations sur un air national de Moore D-dur<br \/>\nLiszt : Gro\u00dfes Konzertst\u00fcck \u00fcber themen aus Mendelssohns\u2018Lieder ohne Worte\u2019 f\u00fcr 2 Klav iere<br \/>\nMendelssohn : Ein Sommernachtstraum \u2018Hochzaitsmarsch\u2019<br \/>\nRavel : La Valse<\/p>\n<p>&nbsp;<\/p>\n<p>T&amp;K Entertainment, Inc.<br \/>\nNIPPON COLUMBIA CO.,LTD.<br \/>\nQACK-30007<br \/>\n\uffe53,000(Tax included)<\/p>\n<\/div>\n<p>On Air <a href=\"http:\/\/www.anaspamphlet.jp\/skychannel\/jun15\/music.html\" target=\"_blank\" rel=\"noopener noreferrer\">ANA Sky Channel 2013<\/a><\/p>\n<p>[\/vc_column_text][vc_raw_html el_class=&#8221;cd_order&#8221;]JTNDYSUyMGhyZWYlM0QlMjJodHRwcyUzQSUyRiUyRnd3dy5wcm9hcnRlLmpwJTJGc2hvcCUyRnByb2R1Y3RzJTJGZGV0YWlsLnBocCUzRnByb2R1Y3RfaWQlM0QxNjUzJTIyJTIwdGFyZ2V0JTNEJTIyX2JsYW5rJTIyJTNFJTNDaW1nJTIwc3JjJTNEJTIyJTJGd3AtY29udGVudCUyRnVwbG9hZHMlMkYyMDE5JTJGMDIlMkZwcm9hcnRlLWxvZ29fMDFfb3V0LnBuZyUyMiUyMHdpZHRoJTNEJTIyNjclMjIlMjBoZWlnaHQlM0QlMjIyNiUyMiUyMGFsdCUzRCUyMmJ1dHRvbiUyMiUyMGNsYXNzJTNEJTIycm9sbG92ZXItZmFkZTIlMjIlM0UlMEElM0NhJTIwaHJlZiUzRCUyMmh0dHBzJTNBJTJGJTJGd3d3LmFtYXpvbi5jby5qcCUyRkZhbnRhc2llLSUyNUU0JTI1QjglMjVBRCUyNUU0JTI1QkElMjU5NSUyNUU2JTI1ODElMjU5MiUyNUU0JTI1QkIlMjU4MSUyNUVGJTI1QkMlMjU4NiUyNUU2JTI1QUQlMjVBNiUyNUU3JTI1OTQlMjVCMCUyNUU3JTI1QkUlMjU4RSUyNUU1JTI1OTIlMjU4QyUyNUU1JTI1QUQlMjU5MCUyRmRwJTJGQjAwRlFCS0JJNCUyRiUyMiUyMHRhcmdldCUzRCUyMl9ibGFuayUyMiUzRSUzQ2ltZyUyMHNyYyUzRCUyMiUyRndwLWNvbnRlbnQlMkZ1cGxvYWRzJTJGMjAxOSUyRjAyJTJGYXNzb2NidXR0X2dyX2Ftei5fVjM3MTA3MDE5M19vdXQucG5nJTIyJTIwd2lkdGglM0QlMjI5MCUyMiUyMGhlaWdodCUzRCUyMjI2JTIyJTIwYWx0JTNEJTIyYnV0dG9uJTIyJTIwY2xhc3MlM0QlMjJyb2xsb3Zlci1mYWRlMiUyMiUzRSUzQyUyRmElM0UlMEE=[\/vc_raw_html][\/vc_column][\/vc_row][vc_row][vc_column][vc_separator][\/vc_column][\/vc_row][vc_row][vc_column width=&#8221;1\/3&#8243;][vc_single_image image=&#8221;8372&#8243; img_size=&#8221;large&#8221; alignment=&#8221;center&#8221; onclick=&#8221;img_link_large&#8221;][\/vc_column][vc_column width=&#8221;2\/3&#8243;][vc_column_text el_class=&#8221;cd_jacket&#8221;]<\/p>\n<div class=\"d_div3\">\n<h2 class=\"cd_title\">Brahms Hungarian Dances &amp; Waltzes<\/h2>\n<p>Brahms : Hungarian Dances for 4 hands<br \/>\nBrahms : Waltzes for 4 hands Op.39<\/p>\n<p>&nbsp;<\/p>\n<p>T&amp;K Entertainment, Inc.<br \/>\nNIPPON COLUMBIA CO.,LTD.<br \/>\nQACK-30002<br \/>\n\uffe53,085(Tax included)<\/p>\n<\/div>\n<p>[\/vc_column_text][vc_raw_html el_class=&#8221;cd_order&#8221;]JTNDYSUyMGhyZWYlM0QlMjJodHRwcyUzQSUyRiUyRnd3dy5wcm9hcnRlLmpwJTJGc2hvcCUyRnByb2R1Y3RzJTJGZGV0YWlsLnBocCUzRnByb2R1Y3RfaWQlM0QyOTklMjIlMjB0YXJnZXQlM0QlMjJfYmxhbmslMjIlM0UlM0NpbWclMjBzcmMlM0QlMjIlMkZ3cC1jb250ZW50JTJGdXBsb2FkcyUyRjIwMTklMkYwMiUyRnByb2FydGUtbG9nb18wMV9vdXQucG5nJTIyJTIwd2lkdGglM0QlMjI2NyUyMiUyMGhlaWdodCUzRCUyMjI2JTIyJTIwYWx0JTNEJTIyYnV0dG9uJTIyJTIwY2xhc3MlM0QlMjJyb2xsb3Zlci1mYWRlMiUyMiUzRSUwQSUzQ2ElMjBocmVmJTNEJTIyaHR0cHMlM0ElMkYlMkZ3d3cuYW1hem9uLmNvLmpwJTJGJUUzJTgzJTk2JUUzJTgzJUE5JUUzJTgzJUJDJUUzJTgzJUEwJUUzJTgyJUI5LSVFMyU4MyU4RiVFMyU4MyVCMyVFMyU4MiVBQyVFMyU4MyVBQSVFMyU4MyVCQyVFOCU4OCU5RSVFNiU5QiVCMiVFOSU5QiU4Ni0lRTMlODMlQUYlRTMlODMlQUIlRTMlODMlODQlRTklOUIlODYtJUU0JUI4JUFEJUU0JUJBJTk1JUU2JTgxJTkyJUU0JUJCJTgxLSVFNiVBRCVBNiVFNyU5NCVCMCVFNyVCRSU4RSVFNSU5MiU4QyVFNSVBRCU5MCUyRmRwJTJGQjAwNEoxTDVSSSUyRiUyMiUyMHRhcmdldCUzRCUyMl9ibGFuayUyMiUzRSUzQ2ltZyUyMHNyYyUzRCUyMiUyRndwLWNvbnRlbnQlMkZ1cGxvYWRzJTJGMjAxOSUyRjAyJTJGYXNzb2NidXR0X2dyX2Ftei5fVjM3MTA3MDE5M19vdXQucG5nJTIyJTIwd2lkdGglM0QlMjI5MCUyMiUyMGhlaWdodCUzRCUyMjI2JTIyJTIwYWx0JTNEJTIyYnV0dG9uJTIyJTIwY2xhc3MlM0QlMjJyb2xsb3Zlci1mYWRlMiUyMiUzRSUzQyUyRmElM0U=[\/vc_raw_html][\/vc_column][\/vc_row][vc_row][vc_column][vc_separator][\/vc_column][\/vc_row][vc_row][vc_column width=&#8221;1\/3&#8243;][vc_single_image image=&#8221;8367&#8243; img_size=&#8221;large&#8221; alignment=&#8221;center&#8221; onclick=&#8221;img_link_large&#8221;][\/vc_column][vc_column width=&#8221;2\/3&#8243;][vc_column_text el_class=&#8221;cd_jacket&#8221;]<\/p>\n<div class=\"d_div3\">\n<h2 class=\"cd_title\">Rachmaninov Suites<\/h2>\n<p>Rachmaninov : Suite No.1 for 2 Pianos \u2018Fantasie-tableax\u2019 Op.5<br \/>\n1.Barcarolle, 2.And Night,and Love, 3.Tears, 4.Russian Easter<br \/>\nRachmaninov : Suite No.\uff12for 2 Pianos Op.\uff11\uff17<br \/>\n1.Introduction, 2.Waltz, 3.Romance, 4.Tarantelle<br \/>\nRobert Xavier Rodriguez : Bachnale<br \/>\n1.Die Br\u00fccke \u00fcber dem Bach, 2.Ecco l\u2019Eco, 3.Samba da Gamba<br \/>\nStravinsky(arr.Victor Babin) : Tango<br \/>\nArtbur Benjamin : Jamaican Rumba<br \/>\nRachmaninov : Polka italienne<br \/>\nTchaikovsky(arr. Sergei Rachmaninov) : \u2018Waltz\u2019 from The Sleeping Beauty<\/p>\n<p>&nbsp;<\/p>\n<p>PAMP-1034<br \/>\n\uffe53,085(Tax included)<\/p>\n<\/div>\n<p>[\/vc_column_text][vc_raw_html el_class=&#8221;cd_order&#8221;]JTNDYSUyMGhyZWYlM0QlMjJodHRwcyUzQSUyRiUyRnd3dy5wcm9hcnRlLmpwJTJGc2hvcCUyRnByb2R1Y3RzJTJGZGV0YWlsLnBocCUzRnByb2R1Y3RfaWQlM0QyNDMlMjIlMjB0YXJnZXQlM0QlMjJfYmxhbmslMjIlM0UlM0NpbWclMjBzcmMlM0QlMjIlMkZ3cC1jb250ZW50JTJGdXBsb2FkcyUyRjIwMTklMkYwMiUyRnByb2FydGUtbG9nb18wMV9vdXQucG5nJTIyJTIwd2lkdGglM0QlMjI2NyUyMiUyMGhlaWdodCUzRCUyMjI2JTIyJTIwYWx0JTNEJTIyYnV0dG9uJTIyJTIwY2xhc3MlM0QlMjJyb2xsb3Zlci1mYWRlMiUyMiUzRSUwQSUzQ2ElMjBocmVmJTNEJTIyaHR0cHMlM0ElMkYlMkZ3d3cuYW1hem9uLmNvLmpwJTJGJTI1RTMlMjU4MyUyNUE5JTI1RTMlMjU4MyUyNTk1JTI1RTMlMjU4MyUyNTlFJTI1RTMlMjU4MyUyNThCJTI1RTMlMjU4MyUyNThFJTI1RTMlMjU4MyUyNTk1JTI1RTclMjVCNSUyNTg0JTI1RTYlMjU5QiUyNUIyLSUyNUU0JTI1QjglMjVBRCUyNUU0JTI1QkElMjU5NSUyNUU2JTI1ODElMjU5MiUyNUU0JTI1QkIlMjU4MSUyRmRwJTJGQjAwMUhRS1ZQMCUyRiUyMiUyMHRhcmdldCUzRCUyMl9ibGFuayUyMiUzRSUzQ2ltZyUyMHNyYyUzRCUyMiUyRndwLWNvbnRlbnQlMkZ1cGxvYWRzJTJGMjAxOSUyRjAyJTJGYXNzb2NidXR0X2dyX2Ftei5fVjM3MTA3MDE5M19vdXQucG5nJTIyJTIwd2lkdGglM0QlMjI5MCUyMiUyMGhlaWdodCUzRCUyMjI2JTIyJTIwYWx0JTNEJTIyYnV0dG9uJTIyJTIwY2xhc3MlM0QlMjJyb2xsb3Zlci1mYWRlMiUyMiUzRSUzQyUyRmElM0U=[\/vc_raw_html][\/vc_column][\/vc_row][vc_row][vc_column][vc_separator][\/vc_column][\/vc_row][vc_row][vc_column width=&#8221;1\/3&#8243;][vc_single_image image=&#8221;8373&#8243; img_size=&#8221;large&#8221; alignment=&#8221;center&#8221; onclick=&#8221;img_link_large&#8221;][\/vc_column][vc_column width=&#8221;2\/3&#8243;][vc_column_text el_class=&#8221;cd_jacket&#8221;]<\/p>\n<div class=\"d_div3\">\n<h2 class=\"cd_title\">Miwako Takeda plays Liszt<\/h2>\n<p>Liszt : Ballade Nr.2 h-moll<br \/>\nLiszt : Ungalische Rhapsodie Nr.2 cis-moll<br \/>\nLiszt : 3 Etudes de concert Nr.3 Des-dur \u2018Un sospiro\u2019<br \/>\nSchubert\/Liszt : Die Forelle<br \/>\nSchubert\/Liszt : Ave Maria<br \/>\nLiszt : Rhapsodie espagnole<br \/>\nWagner\/ Liszt : Chor der jungeren pilger aus\u2018Tannh\u00e4user\u2019 S443 R276<\/p>\n<p>&nbsp;<\/p>\n<p>PAMP-1031<br \/>\n\uffe53,085(Tax included)<\/p>\n<\/div>\n<p>[\/vc_column_text][vc_raw_html el_class=&#8221;cd_order&#8221;]JTNDYSUyMGhyZWYlM0QlMjJodHRwcyUzQSUyRiUyRnd3dy5wcm9hcnRlLmpwJTJGc2hvcCUyRnByb2R1Y3RzJTJGZGV0YWlsLnBocCUzRnByb2R1Y3RfaWQlM0QyMTclMjIlMjB0YXJnZXQlM0QlMjJfYmxhbmslMjIlM0UlM0NpbWclMjBzcmMlM0QlMjIlMkZ3cC1jb250ZW50JTJGdXBsb2FkcyUyRjIwMTklMkYwMiUyRnByb2FydGUtbG9nb18wMV9vdXQucG5nJTIyJTIwd2lkdGglM0QlMjI2NyUyMiUyMGhlaWdodCUzRCUyMjI2JTIyJTIwYWx0JTNEJTIyYnV0dG9uJTIyJTIwY2xhc3MlM0QlMjJyb2xsb3Zlci1mYWRlMiUyMiUzRSUwQSUzQ2ElMjBocmVmJTNEJTIyaHR0cHMlM0ElMkYlMkZ3d3cuYW1hem9uLmNvLmpwJTJGTWl3YWtvLVRha2VkYS1QbGF5cy1MaXN6dC0lMjVFNiUyNUFEJTI1QTYlMjVFNyUyNTk0JTI1QjAlMjVFNyUyNUJFJTI1OEUlMjVFNSUyNTkyJTI1OEMlMjVFNSUyNUFEJTI1OTAlMkZkcCUyRkIwMDBZMFAyNEslMkYlMjIlMjB0YXJnZXQlM0QlMjJfYmxhbmslMjIlM0UlM0NpbWclMjBzcmMlM0QlMjIlMkZ3cC1jb250ZW50JTJGdXBsb2FkcyUyRjIwMTklMkYwMiUyRmFzc29jYnV0dF9ncl9hbXouX1YzNzEwNzAxOTNfb3V0LnBuZyUyMiUyMHdpZHRoJTNEJTIyOTAlMjIlMjBoZWlnaHQlM0QlMjIyNiUyMiUyMGFsdCUzRCUyMmJ1dHRvbiUyMiUyMGNsYXNzJTNEJTIycm9sbG92ZXItZmFkZTIlMjIlM0UlM0MlMkZhJTNF[\/vc_raw_html][\/vc_column][\/vc_row][vc_row][vc_column][vc_separator][\/vc_column][\/vc_row][vc_row][vc_column width=&#8221;1\/3&#8243;][vc_single_image image=&#8221;8370&#8243; img_size=&#8221;large&#8221; alignment=&#8221;center&#8221; onclick=&#8221;img_link_large&#8221;][\/vc_column][vc_column width=&#8221;2\/3&#8243;][vc_column_text el_class=&#8221;cd_jacket&#8221;]<\/p>\n<div class=\"d_div3\">\n<h2 class=\"cd_title\">Brahms<\/h2>\n<p>Brahms : Klaviersonate Nr.3 f-moll Op.5<br \/>\n8 Klavierst\u00fccke Op.76<br \/>\nVariationen \u00fcber ein Theme von paganini Op.35-1<\/p>\n<p>&nbsp;<\/p>\n<p>PAMP-1030<br \/>\n\uffe53,000(Tax included)<\/p>\n<\/div>\n<p>[\/vc_column_text][vc_raw_html el_class=&#8221;cd_order&#8221;]JTNDYSUyMGhyZWYlM0QlMjJodHRwcyUzQSUyRiUyRnd3dy5wcm9hcnRlLmpwJTJGc2hvcCUyRnByb2R1Y3RzJTJGZGV0YWlsLnBocCUzRnByb2R1Y3RfaWQlM0QyMTklMjIlMjB0YXJnZXQlM0QlMjJfYmxhbmslMjIlM0UlM0NpbWclMjBzcmMlM0QlMjIlMkZ3cC1jb250ZW50JTJGdXBsb2FkcyUyRjIwMTklMkYwMiUyRnByb2FydGUtbG9nb18wMV9vdXQucG5nJTIyJTIwd2lkdGglM0QlMjI2NyUyMiUyMGhlaWdodCUzRCUyMjI2JTIyJTIwYWx0JTNEJTIyYnV0dG9uJTIyJTIwY2xhc3MlM0QlMjJyb2xsb3Zlci1mYWRlMiUyMiUzRSUwQSUzQ2ElMjBocmVmJTNEJTIyaHR0cHMlM0ElMkYlMkZ3d3cuYW1hem9uLmNvLmpwJTJGJTI1RTMlMjU4MyUyNTk2JTI1RTMlMjU4MyUyNUE5JTI1RTMlMjU4MyUyNUJDJTI1RTMlMjU4MyUyNUEwJTI1RTMlMjU4MiUyNUI5LSUyNUU0JTI1QjglMjVBRCUyNUU0JTI1QkElMjU5NSUyNUU2JTI1ODElMjU5MiUyNUU0JTI1QkIlMjU4MSUyRmRwJTJGQjAwMEozRUZVWSUyRiUyMiUyMHRhcmdldCUzRCUyMl9ibGFuayUyMiUzRSUzQ2ltZyUyMHNyYyUzRCUyMiUyRndwLWNvbnRlbnQlMkZ1cGxvYWRzJTJGMjAxOSUyRjAyJTJGYXNzb2NidXR0X2dyX2Ftei5fVjM3MTA3MDE5M19vdXQucG5nJTIyJTIwd2lkdGglM0QlMjI5MCUyMiUyMGhlaWdodCUzRCUyMjI2JTIyJTIwYWx0JTNEJTIyYnV0dG9uJTIyJTIwY2xhc3MlM0QlMjJyb2xsb3Zlci1mYWRlMiUyMiUzRSUzQyUyRmElM0U=[\/vc_raw_html][\/vc_column][\/vc_row][vc_row][vc_column][vc_separator][\/vc_column][\/vc_row][vc_row][vc_column width=&#8221;1\/3&#8243;][vc_single_image image=&#8221;8365&#8243; img_size=&#8221;large&#8221; alignment=&#8221;center&#8221; onclick=&#8221;img_link_large&#8221;][\/vc_column][vc_column width=&#8221;2\/3&#8243;][vc_column_text el_class=&#8221;cd_jacket&#8221;]<\/p>\n<div class=\"d_div3\">\n<h2 class=\"cd_title\">Mozart<\/h2>\n<p>Mozart : Sonate f\u00fcr 2 Klaviere D-dur KV448<br \/>\nMozart : Fuge c-moll KV426<br \/>\nMozart(arr.Busoni) : Ouverture aus \u2018Die Zauberfl\u00f6te\u2019<br \/>\nMozart(arr.Busoni) : Fantasie f-moll KV608<br \/>\nLiszt : Reminiscences de \u2018Don Juan\u2018<br \/>\nMozart(arr.Alexander von Zemlinsky) : Aus \u2018Die Zauberfl\u00f6te\u2019<br \/>\n1.Arie:Der Vogelf\u00e4nger bin ich ja<br \/>\n2.Duett:Bei M\u00e4nnern,welch Liebe f\u00fchlen<br \/>\n3.Arie:Ein M\u00e4dchen oder Weibchen w\u00fcnscht Papageno sich!<br \/>\n4.Duett:Pa pa pa\u2026<\/p>\n<p>&nbsp;<\/p>\n<p>PAMP-1027<br \/>\n\uffe53,085(Tax included)<\/p>\n<\/div>\n<p>[\/vc_column_text][vc_raw_html el_class=&#8221;cd_order&#8221;]JTNDYSUyMGhyZWYlM0QlMjJodHRwcyUzQSUyRiUyRnd3dy5wcm9hcnRlLmpwJTJGc2hvcCUyRnByb2R1Y3RzJTJGZGV0YWlsLnBocCUzRnByb2R1Y3RfaWQlM0QyNDQlMjIlMjB0YXJnZXQlM0QlMjJfYmxhbmslMjIlM0UlM0NpbWclMjBzcmMlM0QlMjIlMkZ3cC1jb250ZW50JTJGdXBsb2FkcyUyRjIwMTklMkYwMiUyRnByb2FydGUtbG9nb18wMV9vdXQucG5nJTIyJTIwd2lkdGglM0QlMjI2NyUyMiUyMGhlaWdodCUzRCUyMjI2JTIyJTIwYWx0JTNEJTIyYnV0dG9uJTIyJTIwY2xhc3MlM0QlMjJyb2xsb3Zlci1mYWRlMiUyMiUzRSUwQSUzQ2ElMjBocmVmJTNEJTIyaHR0cHMlM0ElMkYlMkZ3d3cuYW1hem9uLmNvLmpwJTJGTW96YXJ0LSUyNUU0JTI1QjglMjVBRCUyNUU0JTI1QkElMjU5NSUyNUU2JTI1ODElMjU5MiUyNUU0JTI1QkIlMjU4MSUyRmRwJTJGQjAwMTVGUkJKMiUyRiUyMiUyMHRhcmdldCUzRCUyMl9ibGFuayUyMiUzRSUzQ2ltZyUyMHNyYyUzRCUyMiUyRndwLWNvbnRlbnQlMkZ1cGxvYWRzJTJGMjAxOSUyRjAyJTJGYXNzb2NidXR0X2dyX2Ftei5fVjM3MTA3MDE5M19vdXQucG5nJTIyJTIwd2lkdGglM0QlMjI5MCUyMiUyMGhlaWdodCUzRCUyMjI2JTIyJTIwYWx0JTNEJTIyYnV0dG9uJTIyJTIwY2xhc3MlM0QlMjJyb2xsb3Zlci1mYWRlMiUyMiUzRSUzQyUyRmElM0U=[\/vc_raw_html][\/vc_column][\/vc_row][vc_row][vc_column][vc_separator][\/vc_column][\/vc_row][vc_row][vc_column width=&#8221;1\/3&#8243;][vc_single_image image=&#8221;8369&#8243; img_size=&#8221;large&#8221; alignment=&#8221;center&#8221; onclick=&#8221;img_link_large&#8221;][\/vc_column][vc_column width=&#8221;2\/3&#8243;][vc_column_text el_class=&#8221;cd_jacket&#8221;]<\/p>\n<div class=\"d_div3\">\n<h2 class=\"cd_title\">cantando-angelico<\/h2>\n<p>Mozart : 9 Variationen \u00fcber ein Menuett von Jean-Pierre Duport D-dur KV573<br \/>\nLiszt : A la Chapelle sixtine, Miserere d\u2019Allegri et Ave verum Corpus de Mozart<br \/>\nLiszt : Liebestraum No.3<br \/>\nChopin : Gro\u00dfe Et\u00fcde von Paganini Nr.3 \u2018La campanella\u2019<br \/>\nChopin : Klaviersonate Nr.3 h-moll Op.58<\/p>\n<p>&nbsp;<\/p>\n<p>PAMP-1025<br \/>\n\uffe53,000\u5186(Tax included)<\/p>\n<\/div>\n<p>[\/vc_column_text][vc_raw_html el_class=&#8221;cd_order&#8221;]JTNDYSUyMGhyZWYlM0QlMjJodHRwcyUzQSUyRiUyRnd3dy5wcm9hcnRlLmpwJTJGc2hvcCUyRnByb2R1Y3RzJTJGZGV0YWlsLnBocCUzRnByb2R1Y3RfaWQlM0QyMTglMjIlMjB0YXJnZXQlM0QlMjJfYmxhbmslMjIlM0UlM0NpbWclMjBzcmMlM0QlMjIlMkZ3cC1jb250ZW50JTJGdXBsb2FkcyUyRjIwMTklMkYwMiUyRnByb2FydGUtbG9nb18wMV9vdXQucG5nJTIyJTIwd2lkdGglM0QlMjI2NyUyMiUyMGhlaWdodCUzRCUyMjI2JTIyJTIwYWx0JTNEJTIyYnV0dG9uJTIyJTIwY2xhc3MlM0QlMjJyb2xsb3Zlci1mYWRlMiUyMiUzRSUwQSUzQ2ElMjBocmVmJTNEJTIyaHR0cHMlM0ElMkYlMkZ3d3cuYW1hem9uLmNvLmpwJTJGY2FudGFuZG8tYW5nZWxpY28tJTI1RTMlMjU4MCUyNTlDJTI1RTUlMjVBNCUyNUE5JTI1RTQlMjVCRCUyNUJGJTI1RTMlMjU4MSUyNThDJTI1RTYlMjVBRCUyNThDJTI1RTMlMjU4MSUyNTg2JTI1RTMlMjU4MiUyNTg4JTI1RTMlMjU4MSUyNTg2JTI1RTMlMjU4MSUyNUFCJTI1RTMlMjU4MCUyNTlDLSUyNUU2JTI1QUQlMjVBNiUyNUU3JTI1OTQlMjVCMCUyNUU3JTI1QkUlMjU4RSUyNUU1JTI1OTIlMjU4QyUyNUU1JTI1QUQlMjU5MCUyRmRwJTJGQjAwMTVGTEtLSSUyRiUyMiUyMHRhcmdldCUzRCUyMl9ibGFuayUyMiUzRSUzQ2ltZyUyMHNyYyUzRCUyMiUyRndwLWNvbnRlbnQlMkZ1cGxvYWRzJTJGMjAxOSUyRjAyJTJGYXNzb2NidXR0X2dyX2Ftei5fVjM3MTA3MDE5M19vdXQucG5nJTIyJTIwd2lkdGglM0QlMjI5MCUyMiUyMGhlaWdodCUzRCUyMjI2JTIyJTIwYWx0JTNEJTIyYnV0dG9uJTIyJTIwY2xhc3MlM0QlMjJyb2xsb3Zlci1mYWRlMiUyMiUzRSUzQyUyRmElM0U=[\/vc_raw_html][\/vc_column][\/vc_row][vc_row][vc_column][vc_separator][\/vc_column][\/vc_row][vc_row][vc_column width=&#8221;1\/3&#8243;][vc_single_image image=&#8221;8368&#8243; img_size=&#8221;large&#8221; alignment=&#8221;center&#8221; onclick=&#8221;img_link_large&#8221;][\/vc_column][vc_column width=&#8221;2\/3&#8243;][vc_column_text el_class=&#8221;cd_jacket&#8221;]<\/p>\n<div class=\"d_div3\">\n<h2 class=\"cd_title\">NHK-BS Music Show Piano-Pia<\/h2>\n<p class=\"cd_title\">Piano-pia official CD Vol.4\u3000schubert<\/p>\n<p>&nbsp;<\/p>\n<p>Sony Music Japan International Inc<br \/>\nSICC-723<br \/>\n\uffe53,240\u5186(Tax included)<\/p>\n<\/div>\n<p>[\/vc_column_text][vc_raw_html el_class=&#8221;cd_order&#8221;]JTNDYSUyMGhyZWYlM0QlMjJodHRwJTNBJTJGJTJGd3d3LnNvbnltdXNpYy5jby5qcCUyRmFydGlzdCUyRnBpYW5vcGlhJTJGZGlzY29ncmFwaHklMkZTSUNDLTcyMyUyMiUyMHRhcmdldCUzRCUyMl9ibGFuayUyMiUzRSUzQ2ltZyUyMHNyYyUzRCUyMiUyRndwLWNvbnRlbnQlMkZ1cGxvYWRzJTJGMjAxOSUyRjAyJTJGbG9nb19zbW9qX291dC5wbmclMjIlMjB3aWR0aCUzRCUyMjEwOCUyMiUyMGhlaWdodCUzRCUyMjI2JTIyJTIwYWx0JTNEJTIyYnV0dG9uJTIyJTIwY2xhc3MlM0QlMjJyb2xsb3Zlci1mYWRlMiUyMiUzRSUwQSUzQ2ElMjBocmVmJTNEJTIyaHR0cHMlM0ElMkYlMkZ3d3cuYW1hem9uLmNvLmpwJTJGJTI1RTMlMjU4MSUyNUI0JTI1RTMlMjU4MSUyNTgyJTI1RTMlMjU4MSUyNUFFJTI1RTMlMjU4MyUyNTk0JTI1RTMlMjU4MiUyNUEyLVZvbC00LSUyNUUzJTI1ODMlMjVBRCUyNUUzJTI1ODMlMjU5RSUyNUUzJTI1ODMlMjVCMyUyNUU2JTI1QjQlMjVCRSUyNUUzJTI1ODElMjVBRSUyNUU4JTI1QUElMjU5NSUyNUU3JTI1OTQlMjU5Ri0lMjVFMyUyNTgyJTI1QjclMjVFMyUyNTgzJTI1QTUlMjVFMyUyNTgzJTI1QkMlMjVFMyUyNTgzJTI1OTklMjVFMyUyNTgzJTI1QUIlMjVFMyUyNTgzJTI1ODglMjVFNyUyNUI3JTI1QTgtJTI1RTMlMjU4MiUyNUFBJTI1RTMlMjU4MyUyNUEwJTI1RTMlMjU4MyUyNThCJTI1RTMlMjU4MyUyNTkwJTI1RTMlMjU4MiUyNUI5LSUyNUUzJTI1ODIlMjVBRiUyNUUzJTI1ODMlMjVBOSUyNUUzJTI1ODIlMjVCNyUyNUUzJTI1ODMlMjU4MyUyNUUzJTI1ODIlMjVBRiUyRmRwJTJGQjAwMFE2R1ZaUSUyRiUyMiUyMHRhcmdldCUzRCUyMl9ibGFuayUyMiUzRSUzQ2ltZyUyMHNyYyUzRCUyMiUyRndwLWNvbnRlbnQlMkZ1cGxvYWRzJTJGMjAxOSUyRjAyJTJGYXNzb2NidXR0X2dyX2Ftei5fVjM3MTA3MDE5M19vdXQucG5nJTIyJTIwd2lkdGglM0QlMjI5MCUyMiUyMGhlaWdodCUzRCUyMjI2JTIyJTIwYWx0JTNEJTIyYnV0dG9uJTIyJTIwY2xhc3MlM0QlMjJyb2xsb3Zlci1mYWRlMiUyMiUzRSUzQyUyRmElM0U=[\/vc_raw_html][\/vc_column][\/vc_row]<\/p>\n<\/div>","protected":false},"excerpt":{"rendered":"<p>[vc_row][vc_column width=&#8221;1\/3&#8243;][vc_single_image image=&#8221;8626&#8243; img_size=&#8221;large&#038;#82&hellip;<\/p>\n<p> <a class=\"more-link\" href=\"https:\/\/nakai-takeda.com\/en\/discography\/\">\u7d9a\u304d\u3092\u8aad\u3080<\/a><\/p>\n","protected":false},"author":1,"featured_media":0,"parent":0,"menu_order":500,"comment_status":"closed","ping_status":"closed","template":"","meta":{"footnotes":""},"class_list":["post-8301","page","type-page","status-publish"],"aioseo_notices":[],"_links":{"self":[{"href":"https:\/\/nakai-takeda.com\/en\/wp-json\/wp\/v2\/pages\/8301","targetHints":{"allow":["GET"]}}],"collection":[{"href":"https:\/\/nakai-takeda.com\/en\/wp-json\/wp\/v2\/pages"}],"about":[{"href":"https:\/\/nakai-takeda.com\/en\/wp-json\/wp\/v2\/types\/page"}],"author":[{"embeddable":true,"href":"https:\/\/nakai-takeda.com\/en\/wp-json\/wp\/v2\/users\/1"}],"replies":[{"embeddable":true,"href":"https:\/\/nakai-takeda.com\/en\/wp-json\/wp\/v2\/comments?post=8301"}],"version-history":[{"count":48,"href":"https:\/\/nakai-takeda.com\/en\/wp-json\/wp\/v2\/pages\/8301\/revisions"}],"predecessor-version":[{"id":8659,"href":"https:\/\/nakai-takeda.com\/en\/wp-json\/wp\/v2\/pages\/8301\/revisions\/8659"}],"wp:attachment":[{"href":"https:\/\/nakai-takeda.com\/en\/wp-json\/wp\/v2\/media?parent=8301"}],"curies":[{"name":"wp","href":"https:\/\/api.w.org\/{rel}","templated":true}]}}